{"id":340,"date":"2018-05-18T17:06:02","date_gmt":"2018-05-18T15:06:02","guid":{"rendered":"https:\/\/pumptrack.info\/?page_id=340"},"modified":"2020-05-10T20:11:06","modified_gmt":"2020-05-10T18:11:06","slug":"datenschutz","status":"publish","type":"page","link":"https:\/\/pumptrack.info\/en\/datenschutz\/","title":{"rendered":"Datenschutz"},"content":{"rendered":"<div class=\"eleven columns\">\n<p><strong>Datenschutzerkl\u00e4rung und Einwilligung zur Datennutzung<\/strong><\/p>\n<p>Der nachfolgende Text soll Ihnen einen \u00dcberblick dar\u00fcber verschaffen, welche Daten wir in \u00dcbereinstimmung mit den datenschutzrechtlichen Vorschriften (insbesondere BDSG und TMG) zu welchen Zwecken erheben, speichern und verwenden.<\/p>\n<p><strong>Automatische Erfassung von Daten beim Besuch unserer Internetseiten<\/strong><\/p>\n<p>Bei der Nutzung unserer Internetseiten werden aus technischen Gr\u00fcnden folgende Daten gespeichert: die Namen der von Ihnen aufgerufenen Seiten, der von Ihnen verwendete Browser und Ihr Betriebssystem, Datum und Uhrzeit des Zugangs, verwendete Suchmaschinen, Namen heruntergeladener Dateien und Ihre IP-Adresse.<\/p>\n<p>Diese Daten werden getrennt von anderen personenbezogenen Informationen auf gesicherten Systemen gespeichert. R\u00fcckschl\u00fcsse auf Ihre Person sind dadurch nicht m\u00f6glich.<\/p>\n<p><strong>Erhebung, Speicherung und Nutzung Ihrer Daten bei Anfragen<\/strong><\/p>\n<p>F\u00fcr die Erf\u00fcllung und Abwicklung\u00a0 zur Beantwortung Ihrer Anfragen erheben, speichern und verwenden wir die dazu erforderlichen personenbezogenen Daten, meist nur Name, e-Mail Adresse und\/oder Telefonnummer.<\/p>\n<p><strong>\u00a0Weitergabe der Daten<\/strong><\/p>\n<p>Eine Weitergabe Ihrer Daten an Dritte oder eine Nutzung zu Werbezwecken erfolgt nicht. Mit vollst\u00e4ndiger Abwicklung der n\u00f6tigen Kommunikation werden Ihre Daten f\u00fcr weitere Verwendungen gesperrt und ggf. nach Ablauf der rechtlichen Fristen und Vorschriften gel\u00f6scht.<\/p>\n<p><strong>Schutz personenbezogener Daten<\/strong><\/p>\n<p>Wir haben technische und organisatorische Sicherheitsma\u00dfnahmen getroffen, um Ihre personenbezogenen Daten vor Verlust, Zerst\u00f6rung, Manipulation und unberechtigtem Zugriff zu sch\u00fctzen. Alle an der Datenverarbeitung beteiligten Personen sind zur Einhaltung des Bundesdatenschutzgesetzes und anderer datenschutzrelevanter Gesetze und den vertraulichen Umgang mit personenbezogenen Daten verpflichtet.<\/p>\n<p><strong>Cookies &amp; Statistik<\/strong><\/p>\n<p>Cookies:<br \/>\nAuf unseren Onlineshop Seiten verwenden wir Cookies, um die Nutzung bestimmter Funktionen zu erm\u00f6glichen. Hierbei handelt es sich um kleine Textdateien, die auf Ihrem Rechner abgelegt werden. Nahezu alle der von uns verwendeten Cookies werden nach Ende der Browser-Sitzung wieder von Ihrer Festplatte gel\u00f6scht (sog. Sitzungs-Cookies). Andere Cookies verbleiben ggf. auf Ihrem Rechner und erm\u00f6glichen es , Ihren Rechner bei Ihrem n\u00e4chsten Besuch wieder zu erkennen (sog. dauerhafte Cookies).<\/p>\n<p>Im Cookie sind weder Ihre IP-Adresse noch sonstige Daten, die R\u00fcckschl\u00fcsse auf Ihre Person zulassen, gespeichert. Die Verwendung von Cookies dient der Optimierung des Angebots, eine pers\u00f6nliche Identifikation des Users bleibt ebenso ausgeschlossen wie die Verwendung und Weitergabe der Daten an Dritte.<\/p>\n<p>Eine Verwendung von Cookies k\u00f6nnen Sie in Ihrer Browser-Einstellung unterbinden. Anleitungen hierzu finden Sie in der Regel auf der Website Ihres Browser-Anbieters.<\/p>\n<p>Statistik:<br \/>\nWir verwenden auf unserem Server das Statistiktool \u201eWebalizer- Version 2.01\u201c<br \/>\nHier sind ebenfalls keine Daten, die R\u00fcckschl\u00fcsse auf Ihre Person zulassen, gespeichert.<\/p>\n<p><strong>Links auf andere Webseiten<\/strong><\/p>\n<p>Teilweise verweisen wir mit Links auf die Webseiten Dritter. Wir k\u00f6nnen keine Gew\u00e4hr und Haftung f\u00fcr die Richtigkeit bzw. Vollst\u00e4ndigkeit der Inhalte und die Datensicherheit von Websites Dritter \u00fcbernehmen. Diese Datenschutzerkl\u00e4rung gilt daher nicht f\u00fcr verlinkte Webseiten Dritter.<\/p>\n<p><strong>Soziale Medien<\/strong><\/p>\n<p><strong>a) Einbindung von YouTube-Videos<\/strong><\/p>\n<p>Der Websitebetreiber hat YouTube-Videos in sein Online-Angebot eingebunden. Bei YouTube\u00a0 handelt es sich um ein Angebot der YouTube LLC., 901 Cherry Avenue, San Bruno, California 94066 USA (\u201eYouTube\u201c).\u00a0 Es handelt sich um eine Tochtergesellschaft der Google LLC., 1600 Amphitheatre Parkway Mountain View, California 94043, USA (\u201eGoogle\u201c). Die Videos sind auf\u00a0<a href=\"http:\/\/www.youtube.com\/\">http:\/\/www.youtube.com<\/a>\u00a0gespeichert. Sie werden von dieser Website aus direkt abgespielt. Diese sind alle im sog. \u201eerweiterten Datenschutz-Modus\u201c eingebunden, so dass keine Daten \u00fcber Sie als Nutzer an YouTube \u00fcbertragen werden, soweit Sie die Videos nicht abspielen. Erst wenn Sie die Videos abspielen, werden die im Folgenden genannten Daten \u00fcbertragen. Auf diese Daten\u00fcbertragung hat der Websitebetreiber keinen Einfluss.<\/p>\n<p>Durch den Besuch auf der Website erh\u00e4lt YouTube die Information, dass Sie den entsprechenden Teil des Online-Angebots aufgerufen haben. Zudem werden die unter Ziffer 3 lit. b dieser Erkl\u00e4rung bezeichneten Daten \u00fcbermittelt. Dies erfolgt unabh\u00e4ngig davon, ob Sie ein Nutzerkonto bei YouTube unterhalten, Sie in das Nutzerkonto eingeloggt sind oder ein Nutzerkonto nicht besteht. Wenn Sie bei der Google LLC. Ein Nutzerkonto unterhalten oder dort eingeloggt sind, werden Ihre Daten direkt diesem Konto zugeordnet. Wenn Sie die Zuordnung nicht w\u00fcnschen, m\u00fcssen Sie sich vor Abspielen des Videos ausloggen. YouTube speichert Ihre Daten als Nutzungsprofile. Diese werden f\u00fcr Zwecke der Werbung, der Marktforschung und der bedarfsgerechten Gestaltung seines Online-Angebots verarbeitet und genutzt. Eine solche Verarbeitung und Nutzung erfolgt insbesondere (selbst f\u00fcr nicht eingeloggte Nutzer), zur Erbringung bedarfsgerechter Werbung und um andere Nutzer des sozialen Netzwerkes \u00fcber Ihre Aktivit\u00e4ten zu informieren. Ihnen steht ein Widerspruchsrecht gegen die Bildung der beschriebenen Nutzungsprofile zu. Dieses ist gegen\u00fcber YouTube auszu\u00fcben. Rechtsgrundlage f\u00fcr die Nutzung YouTubes und die damit erhobene Datenerhebung und \u2013verarbeitung ist Art. 6 Abs. 1 S. 1 lit. f DSGVO.<\/p>\n<p>Weitere Informationen zu Zweck und Umfang der Datenerhebung und \u2013verarbeitung durch YouTube erhalten Sie in der Datenschutzerkl\u00e4rung des Anbieters. Dort erhalten Sie dar\u00fcber hinaus weitere Informationen zu Ihren Rechten und zu M\u00f6glichkeiten Ihre personenbezogenen Daten in den Einstellungen des Anbieters zu sch\u00fctzen:\u00a0<a href=\"https:\/\/policies.google.com\/privacy?hl=de&amp;gl=de\" target=\"_blank\" rel=\"noopener noreferrer\">https:\/\/policies.google.com\/privacy?hl=de&amp;gl=de<\/a><\/p>\n<p>YouTube und Google haben sich dem EU-US-Privacy-Shield unterworfen (<a href=\"https:\/\/www.privacyshield.gov\/EU-US-framework\" target=\"_blank\" rel=\"noopener noreferrer\">https:\/\/www.privacyshield.gov\/EU-US-framework<\/a>).<\/p>\n<p><strong>b) Einbindung von Vimeo-Videos<\/strong><\/p>\n<p>Der Websitebetreiber hat Vimeo-Videos in sein Online-Angebot eingebunden. Bei Vimeo handelt es sich um ein Angebot der Vimeo Inc., 555 West 18th Street, New York, New York 10011, USA (\u201eVimeo\u201c).\u00a0 Die Videos sind auf\u00a0<a href=\"http:\/\/www.vimeo.com\/\" target=\"_blank\" rel=\"noopener noreferrer\">http:\/\/www.vimeo.com<\/a>\u00a0gespeichert. Sie werden von dieser Website aus direkt abgespielt.. Erst wenn Sie die Videos abspielen, werden die im Folgenden genannten Daten \u00fcbertragen. Auf diese Daten\u00fcbertragung hat der Websitebetreiber keinen Einfluss.<\/p>\n<p>Durch den Besuch auf der Website erh\u00e4lt Vimeo die Information, dass Sie den entsprechenden Teil des Online-Angebots aufgerufen haben. Zudem werden die unter Ziffer 3 lit. b dieser Erkl\u00e4rung bezeichneten Daten \u00fcbermittelt. Dies erfolgt unabh\u00e4ngig davon, ob Sie ein Nutzerkonto bei Vimeo unterhalten, Sie in das Nutzerkonto eingeloggt sind oder ein Nutzerkonto nicht besteht. Wenn Sie bei der Vimeo Inc. ein Nutzerkonto unterhalten oder dort eingeloggt sind, werden Ihre Daten direkt diesem Konto zugeordnet. Wenn Sie die Zuordnung nicht w\u00fcnschen, m\u00fcssen Sie sich vor Abspielen des Videos ausloggen. Vimeo speichert Ihre Daten als Nutzungsprofile. Diese werden f\u00fcr Zwecke der Werbung, der Marktforschung und der bedarfsgerechten Gestaltung seines Online-Angebots verarbeitet und genutzt. Eine solche Verarbeitung und Nutzung erfolgt insbesondere (selbst f\u00fcr nicht eingeloggte Nutzer), zur Erbringung bedarfsgerechter Werbung und um andere Nutzer des sozialen Netzwerkes \u00fcber Ihre Aktivit\u00e4ten zu informieren. Ihnen steht ein Widerspruchsrecht gegen die Bildung der beschriebenen Nutzungsprofile zu. Dieses ist gegen\u00fcber Vimeo auszu\u00fcben. Rechtsgrundlage f\u00fcr die Nutzung Vimeos und die damit erhobene Datenerhebung und \u2013verarbeitung ist Art. 6 Abs. 1 S. 1 lit. f DSGVO.<\/p>\n<p>Weitere Informationen zu Zweck und Umfang der Datenerhebung und \u2013verarbeitung durch Vimeo erhalten Sie in der Datenschutzerkl\u00e4rung des Anbieters. Dort erhalten Sie dar\u00fcber hinaus weitere Informationen zu Ihren Rechten und zu M\u00f6glichkeiten Ihre personenbezogenen Daten in den Einstellungen des Anbieters zu sch\u00fctzen:\u00a0<a href=\"https:\/\/vimeo.com\/privacy\" target=\"_blank\" rel=\"noopener noreferrer\">https:\/\/vimeo.com\/privacy<\/a><\/p>\n<p>Vimeo hat sich dem EU-US-Privacy-Shield unterworfen (<a href=\"https:\/\/www.privacyshield.gov\/EU-US-framework\" target=\"_blank\" rel=\"noopener noreferrer\">https:\/\/www.privacyshield.gov\/EU-US-framework<\/a>).<\/p>\n<p><strong>Berichtigung und \u00c4nderung Ihrer Daten<\/strong><\/p>\n<p>Ihre pers\u00f6nlichen Daten sind jederzeit im Bereich \u201eMein Konto\u201c unter Verwendung Ihrer E-Mail-Adresse und Ihres Passwortes einsehbar und zu bearbeiten. Wenn Sie Ihr Passwort mal vergessen, kein Problem: Im Bereich \u201eMein Konto\u201c finden Sie auf der Log-in-Seite den Link \u201ePasswort vergessen\u201c. Hier geben Sie die bei uns registrierte E-Mail-Adresse an und klicken auf \u201eAbsenden\u201c. Wir werden Ihnen schnellstm\u00f6glich ein Ersatz-Passwort an die bei uns hinterlegte E-Mail-Adresse zusenden.<\/p>\n<p>Bitte beachten Sie: Ihr pers\u00f6nliches Passwort zur Vermeidung von Missbrauch bitte nicht an Dritte weitergeben. Loggen Sie sich nach der Nutzung immer aus Ihrem pers\u00f6nlichen Kundenkonto\u00a0 aus.<\/p>\n<p><strong>Auskunfts- und Widerspruchsrecht<\/strong><\/p>\n<p>Sie k\u00f6nnen jederzeit Auskunft \u00fcber Ihre bei uns gespeicherten personenbezogenen Daten sowie deren Herkunft und Umfang der Verwendung verlangen. Ebenso sind wir verpflichtet, auf Verlangen die \u00fcber Sie gespeicherten Daten zu berichtigen, zu sperren oder zu l\u00f6schen, sofern andere gesetzliche Regelungen, z. B. der gesetzlichen Aufbewahrungspflicht, dem nicht entgegenstehen. Bitte wenden Sie sich hierf\u00fcr pers\u00f6nlich per E-Mail, per Post oder Fax an unten angegebene Adresse. Bitte haben Sie Verst\u00e4ndnis daf\u00fcr das wir telefonisch keine Auskunft und ebenso dritten Personen keine Auskunft erteilen.<\/p>\n<p><strong>Aktualisierung dieser Datenschutzerkl\u00e4rung<\/strong><\/p>\n<p>Soweit wir neue Produkte oder Dienstleistungen einf\u00fchren, Internet-Verfahren \u00e4ndern oder wenn sich die Internet- und EDV-Sicherheitstechnik weiterentwickelt, ist die \u201eDatenschutzerkl\u00e4rung\u201c zu aktualisieren. Daher sollten Sie diese Seite regelm\u00e4\u00dfig aufrufen, um sich \u00fcber den aktuellen Stand der Datenschutzerkl\u00e4rung zu informieren.<\/p>\n<p><strong>Schlu\u00dferkl\u00e4rung zum Datenschutz<\/strong><\/p>\n<p>Mit der Zustimmung zu dieser Datenschutzerkl\u00e4rung willigen Sie gegen\u00fcber der Bracht &amp; Rohrm\u00fcller GbR, Belecker Landstr.6, 59581 Warstein (hier auch unter dem Namen \u201eturbomatik oder dein-eBike.de\u201c auftretend) in die Erhebung, Verarbeitung und Nutzung Ihrer personenbezogenen Daten unter Beachtung der Datenschutzgesetze und den nachfolgenden Bestimmungen ein. Bei Fragen nutzen Sie auch unser Kontaktformular.<\/p>\n<p><strong>ANSPRECHPARTNER F\u00dcR DEN DATENSCHUTZ<\/strong><\/p>\n<p>Anfragen zur Erhebung, Verarbeitung oder Nutzung Ihrer personenbezogenen Daten, bei Ausk\u00fcnften, Berichtigung, Sperrung oder L\u00f6schung von Daten sowie Widerruf erteilter Einwilligungen unter folgender Adresse:<\/p>\n<p>g. bracht<br \/>\nnuttlarer str. 4<br \/>\n59581 warstein<br \/>\nfon: 02902 9119022<br \/>\nemail: bikepark@turbomatik.de<\/p>\n<\/div>\n","protected":false},"excerpt":{"rendered":"<p>Datenschutzerkl\u00e4rung und Einwilligung zur Datennutzung Der nachfolgende Text soll Ihnen einen \u00dcberblick dar\u00fcber verschaffen, welche Daten wir in \u00dcbereinstimmung mit den datenschutzrechtlichen Vorschriften (insbesondere BDSG und TMG) zu welchen Zwecken erheben, speichern und verwenden. Automatische Erfassung von Daten beim Besuch<\/p>\n","protected":false},"author":1,"featured_media":0,"parent":0,"menu_order":0,"comment_status":"closed","ping_status":"closed","template":"","meta":[],"translation":{"provider":"WPGlobus","version":"3.0.1","language":"en","enabled_languages":["de","en"],"languages":{"de":{"title":true,"content":true,"excerpt":false},"en":{"title":false,"content":false,"excerpt":false}}},"_links":{"self":[{"href":"https:\/\/pumptrack.info\/en\/wp-json\/wp\/v2\/pages\/340"}],"collection":[{"href":"https:\/\/pumptrack.info\/en\/wp-json\/wp\/v2\/pages"}],"about":[{"href":"https:\/\/pumptrack.info\/en\/wp-json\/wp\/v2\/types\/page"}],"author":[{"embeddable":true,"href":"https:\/\/pumptrack.info\/en\/wp-json\/wp\/v2\/users\/1"}],"replies":[{"embeddable":true,"href":"https:\/\/pumptrack.info\/en\/wp-json\/wp\/v2\/comments?post=340"}],"version-history":[{"count":3,"href":"https:\/\/pumptrack.info\/en\/wp-json\/wp\/v2\/pages\/340\/revisions"}],"predecessor-version":[{"id":354,"href":"https:\/\/pumptrack.info\/en\/wp-json\/wp\/v2\/pages\/340\/revisions\/354"}],"wp:attachment":[{"href":"https:\/\/pumptrack.info\/en\/wp-json\/wp\/v2\/media?parent=340"}],"curies":[{"name":"wp","href":"https:\/\/api.w.org\/{rel}","templated":true}]}}