{"id":102,"date":"2016-11-22T14:37:30","date_gmt":"2016-11-22T13:37:30","guid":{"rendered":"http:\/\/pumptrack.info\/?page_id=102"},"modified":"2020-05-10T20:13:38","modified_gmt":"2020-05-10T18:13:38","slug":"ueber-uns","status":"publish","type":"page","link":"https:\/\/pumptrack.info\/en\/ueber-uns\/","title":{"rendered":"About us"},"content":{"rendered":"<p>&nbsp;<\/p>\n<p><strong>Bikeparks von Profis gebaut \u2013 damit der Spa\u00df und die Sicherheit von Dauer ist!<\/strong><\/p>\n<p>Je nach Projekt besteht unser Team aus mehreren Leuten, alle mit einem festen Bezug zur Bikeszene und professionellem handwerklichen Hintergrund \u2013 Garten- &amp; Landschaftsbauer, Architekt, Schreiner, Schlosser und Zimmermann.<\/p>\n<p>Bei gr\u00f6\u00dferen Projekten greifen wir auf freie Mitarbeiter zur\u00fcck und arbeiten auch mit anderen Firmen aus der Branche zusammen.<\/p>\n<p>Auch die <a title=\"Magnet Jeans Team\" href=\"http:\/\/www.magnet-fairwear.de\" target=\"_blank\" rel=\"noopener\">\u201cMagnet Jeans\u201d<\/a> \u2013 Team- Fahrer, wie z.B.: Oliver Gr\u00f6ne, Felix Rosendahl, Mike Born, Mike Pl\u00fcmacher, Patrick Leitner, Teo Gustavson etc. stehen uns mit <em>Rad<\/em> und Tat zur Seite!<\/p>\n<p><strong>DER VORTEIL: Durch unsere Erfahrung auf dem Rad kennen wir die Anforderungen an Spr\u00fcnge, Landungen, Abst\u00e4nde, Radien etc. genau. Was wir bauen, dass passt! <\/strong><\/p>\n<p>&nbsp;<\/p>\n","protected":false},"excerpt":{"rendered":"<p>&nbsp; Bikeparks von Profis gebaut \u2013 damit der Spa\u00df und die Sicherheit von Dauer ist! Je nach Projekt besteht unser Team aus mehreren Leuten, alle mit einem festen Bezug zur Bikeszene und professionellem handwerklichen Hintergrund \u2013 Garten- &amp; Landschaftsbauer, Architekt,<\/p>\n","protected":false},"author":1,"featured_media":0,"parent":0,"menu_order":0,"comment_status":"closed","ping_status":"closed","template":"","meta":[],"translation":{"provider":"WPGlobus","version":"3.0.1","language":"en","enabled_languages":["de","en"],"languages":{"de":{"title":true,"content":true,"excerpt":false},"en":{"title":true,"content":true,"excerpt":false}}},"_links":{"self":[{"href":"https:\/\/pumptrack.info\/en\/wp-json\/wp\/v2\/pages\/102"}],"collection":[{"href":"https:\/\/pumptrack.info\/en\/wp-json\/wp\/v2\/pages"}],"about":[{"href":"https:\/\/pumptrack.info\/en\/wp-json\/wp\/v2\/types\/page"}],"author":[{"embeddable":true,"href":"https:\/\/pumptrack.info\/en\/wp-json\/wp\/v2\/users\/1"}],"replies":[{"embeddable":true,"href":"https:\/\/pumptrack.info\/en\/wp-json\/wp\/v2\/comments?post=102"}],"version-history":[{"count":5,"href":"https:\/\/pumptrack.info\/en\/wp-json\/wp\/v2\/pages\/102\/revisions"}],"predecessor-version":[{"id":355,"href":"https:\/\/pumptrack.info\/en\/wp-json\/wp\/v2\/pages\/102\/revisions\/355"}],"wp:attachment":[{"href":"https:\/\/pumptrack.info\/en\/wp-json\/wp\/v2\/media?parent=102"}],"curies":[{"name":"wp","href":"https:\/\/api.w.org\/{rel}","templated":true}]}}